{"id":22,"date":"2013-07-26T18:51:12","date_gmt":"2013-07-26T16:51:12","guid":{"rendered":"http:\/\/hauptsachen.de\/knurrhahn\/?page_id=22"},"modified":"2024-01-25T19:03:38","modified_gmt":"2024-01-25T18:03:38","slug":"startseite","status":"publish","type":"page","link":"https:\/\/hauptsachen.de\/knurrhahn\/","title":{"rendered":"Knurrhahn auf Borkum hei\u00dft Sie herzlich willkommen"},"content":{"rendered":"<h2>Der Knurrhahn auf Borkum hei\u00dft Sie herzlich willkommen!<\/h2>\n<p>Fisch geh\u00f6rt zur Nordsee wie der Sand zum Strand. Fast niemand, der an der K\u00fcste bzw. auf den Inseln wohnt oder diese besucht, verzichtet auf den Genuss von Meerestieren. Und das aus gutem Grund: Der Fisch ist hier \u2013 nahezu direkt an der Quelle \u2013 einfach frischer als woanders. Wer auf Borkum gerne Fisch isst, der sollte unbedingt den Knurrhahn besuchen. \u00dcbrigens der Knurrhahn stammt von einer heimischen Fischart und knurrt wirklich. Dies funktioniert mit Hilfe seiner Schwimmblase, die er mit seinen Muskeln in Schwingung versetzt. Aber eins ist sicher: Ihr Magen wird hier bestimmt nicht knurren.<\/p>\n<div class=\"hinweisStartseite\">\n<hr>\n<p><a class=\"speisekarte\" href=\"https:\/\/hauptsachen.de\/knurrhahn\/wp-content\/uploads\/2024\/01\/Flyer-A4-Knurrhahn-2024-st2-web.pdf\" target=\"_blank\" rel=\"noopener noreferrer\">Speisekarte 2024 ansehen<\/a><\/p>\n<\/div>\n","protected":false},"excerpt":{"rendered":"<p>Der Knurrhahn auf Borkum hei\u00dft Sie herzlich willkommen! Fisch geh\u00f6rt zur Nordsee wie der Sand zum Strand. Fast niemand, der an der K\u00fcste bzw. auf den Inseln wohnt oder diese besucht, verzichtet auf den Genuss von Meerestieren. Und das aus gutem Grund: Der Fisch ist hier \u2013 nahezu direkt an der Quelle \u2013 einfach frischer [&hellip;]<\/p>\n","protected":false},"author":1,"featured_media":0,"parent":0,"menu_order":0,"comment_status":"open","ping_status":"open","template":"","meta":{"ngg_post_thumbnail":0},"yoast_head":"<!-- This site is optimized with the Yoast SEO plugin v15.8 - https:\/\/yoast.com\/wordpress\/plugins\/seo\/ -->\n<meta name=\"description\" content=\"Willkommen im Knurrhahn auf Borkum - Fisch geh\u00f6rt zur Nordsee wie der Sand zum Strand. Fast niemand, der an der K\u00fcste bzw. auf den Inseln wohnt oder diese..\" \/>\n<meta name=\"robots\" content=\"index, follow, max-snippet:-1, max-image-preview:large, max-video-preview:-1\" \/>\n<link rel=\"canonical\" href=\"https:\/\/hauptsachen.de\/knurrhahn\/\" \/>\n<meta property=\"og:locale\" content=\"de_DE\" \/>\n<meta property=\"og:type\" content=\"article\" \/>\n<meta property=\"og:title\" content=\"Knurrhahn auf Borkum hei\u00dft Sie herzlich willkommen - Knurrhahn\" \/>\n<meta property=\"og:description\" content=\"Willkommen im Knurrhahn auf Borkum - Fisch geh\u00f6rt zur Nordsee wie der Sand zum Strand. Fast niemand, der an der K\u00fcste bzw. auf den Inseln wohnt oder diese..\" \/>\n<meta property=\"og:url\" content=\"https:\/\/hauptsachen.de\/knurrhahn\/\" \/>\n<meta property=\"og:site_name\" content=\"Knurrhahn\" \/>\n<meta property=\"article:modified_time\" content=\"2024-01-25T18:03:38+00:00\" \/>\n<meta name=\"twitter:label1\" content=\"Gesch\u00e4tzte Lesezeit\">\n\t<meta name=\"twitter:data1\" content=\"1\u00a0Minute\">\n<script type=\"application\/ld+json\" class=\"yoast-schema-graph\">{\"@context\":\"https:\/\/schema.org\",\"@graph\":[{\"@type\":\"WebSite\",\"@id\":\"https:\/\/hauptsachen.de\/knurrhahn\/#website\",\"url\":\"https:\/\/hauptsachen.de\/knurrhahn\/\",\"name\":\"Knurrhahn\",\"description\":\"Edel-Imbiss auf Borkum\",\"potentialAction\":[{\"@type\":\"SearchAction\",\"target\":\"https:\/\/hauptsachen.de\/knurrhahn\/?s={search_term_string}\",\"query-input\":\"required name=search_term_string\"}],\"inLanguage\":\"de\"},{\"@type\":\"WebPage\",\"@id\":\"https:\/\/hauptsachen.de\/knurrhahn\/#webpage\",\"url\":\"https:\/\/hauptsachen.de\/knurrhahn\/\",\"name\":\"Knurrhahn auf Borkum hei\\u00dft Sie herzlich willkommen - Knurrhahn\",\"isPartOf\":{\"@id\":\"https:\/\/hauptsachen.de\/knurrhahn\/#website\"},\"datePublished\":\"2013-07-26T16:51:12+00:00\",\"dateModified\":\"2024-01-25T18:03:38+00:00\",\"description\":\"Willkommen im Knurrhahn auf Borkum - Fisch geh\\u00f6rt zur Nordsee wie der Sand zum Strand. Fast niemand, der an der K\\u00fcste bzw. auf den Inseln wohnt oder diese..\",\"breadcrumb\":{\"@id\":\"https:\/\/hauptsachen.de\/knurrhahn\/#breadcrumb\"},\"inLanguage\":\"de\",\"potentialAction\":[{\"@type\":\"ReadAction\",\"target\":[\"https:\/\/hauptsachen.de\/knurrhahn\/\"]}]},{\"@type\":\"BreadcrumbList\",\"@id\":\"https:\/\/hauptsachen.de\/knurrhahn\/#breadcrumb\",\"itemListElement\":[{\"@type\":\"ListItem\",\"position\":1,\"item\":{\"@type\":\"WebPage\",\"@id\":\"https:\/\/hauptsachen.de\/knurrhahn\/\",\"url\":\"https:\/\/hauptsachen.de\/knurrhahn\/\",\"name\":\"Knurrhahn auf Borkum hei\\u00dft Sie herzlich willkommen\"}}]}]}<\/script>\n<!-- \/ Yoast SEO plugin. -->","_links":{"self":[{"href":"https:\/\/hauptsachen.de\/knurrhahn\/wp-json\/wp\/v2\/pages\/22"}],"collection":[{"href":"https:\/\/hauptsachen.de\/knurrhahn\/wp-json\/wp\/v2\/pages"}],"about":[{"href":"https:\/\/hauptsachen.de\/knurrhahn\/wp-json\/wp\/v2\/types\/page"}],"author":[{"embeddable":true,"href":"https:\/\/hauptsachen.de\/knurrhahn\/wp-json\/wp\/v2\/users\/1"}],"replies":[{"embeddable":true,"href":"https:\/\/hauptsachen.de\/knurrhahn\/wp-json\/wp\/v2\/comments?post=22"}],"version-history":[{"count":28,"href":"https:\/\/hauptsachen.de\/knurrhahn\/wp-json\/wp\/v2\/pages\/22\/revisions"}],"predecessor-version":[{"id":309,"href":"https:\/\/hauptsachen.de\/knurrhahn\/wp-json\/wp\/v2\/pages\/22\/revisions\/309"}],"wp:attachment":[{"href":"https:\/\/hauptsachen.de\/knurrhahn\/wp-json\/wp\/v2\/media?parent=22"}],"curies":[{"name":"wp","href":"https:\/\/api.w.org\/{rel}","templated":true}]}}