{"id":16,"date":"2013-07-26T18:47:23","date_gmt":"2013-07-26T16:47:23","guid":{"rendered":"http:\/\/hauptsachen.de\/knurrhahn\/?page_id=16"},"modified":"2019-07-28T20:00:39","modified_gmt":"2019-07-28T18:00:39","slug":"kontakt","status":"publish","type":"page","link":"https:\/\/hauptsachen.de\/knurrhahn\/kontakt\/","title":{"rendered":"Kontakt mit dem Knurrhahn auf Borkum"},"content":{"rendered":"<h2>Kontakt<\/h2>\n<p>Nehmen Sie Kontakt zu uns auf! Wir freuen uns \u00fcber Ihre Anfragen und Anregungen.<br \/>\nBitte haben Sie Verst\u00e4ndnis, dass wir hier keine Reservierungen entgegennehmen k\u00f6nnen. Weitere Infos hierzu finden Sie auf unserer Startseite.<\/p>\n<h3>Knurrhahn<\/h3>\n<p>Inh. Familie Haupt<br \/>\nFranz-Habich-Stra\u00dfe 16<br \/>\n26757 Borkum<\/p>\n<p>Tel. 0 49 22 \/ 20 50<\/p>\n<p>E-Mail: <a href=\"mailto:haupt&#64;borkum&#46;net\" target=\"_blank\">h&#97;&#x75;&#x70;t&#64;&#98;&#x6f;&#x72;k&#117;&#x6d;&#x2e;n&#101;&#116;<\/a><\/p>\n<h3>Kontaktformular<\/h3>\n<p>Gerne k\u00f6nnen Sie uns hier eine Nachricht hinterlassen.<br \/>\nWir freuen uns auf Sie!<\/p>\n<form method=\"post\" enctype=\"multipart\/form-data\" id=\"vfbp-form-1\" class=\"vfbp-form\"><div style=\"display:none;\"><label for=\"vfbp-EMAIL-AN8fuQyoDLXem\">Wenn Sie ein Mensch sind, lassen Sie dieses Feld leer.<\/label><input size=\"25\" autocomplete=\"off\" type=\"text\" name=\"vfbp-EMAIL-AN8fuQyoDLXem\" value=\"\" id=\"\"><\/div><input type=\"hidden\" name=\"_vfb-timestamp-1\" value=\"1775423098\" id=\"\"><input type=\"hidden\" name=\"_vfb-form-id\" value=\"1\" id=\"\"><div class=\"vfb-well vfb-col-12\" id=\"vfbField10\"><div class=\"vfb-form-group vfb-col-12\"><div><h4 class=\"\">Kontaktformular<\/h4><\/div><\/div><div class=\"vfb-col-12 vfb-fieldType-heading\" id=\"vfbField10\"><\/div><div class=\"vfb-clearfix\"><\/div><div class=\"vfb-col-12 vfb-fieldType-text\" id=\"vfbField5\"><div class=\"vfb-form-group\"><label for=\"vfb-field-5\" class=\"vfb-control-label\">Name <span class=\"vfb-required-asterisk\">*<\/span><\/label><div><input id=\"vfb-field-5\" class=\"vfb-form-control\" placeholder=\"\" required=\"required\" type=\"text\" name=\"vfb-field-5\" value=\"\"><\/div><\/div><\/div><div class=\"vfb-clearfix\"><\/div><div class=\"vfb-col-12 vfb-fieldType-email\" id=\"vfbField6\"><div class=\"vfb-form-group\"><label for=\"vfb-field-6\" class=\"vfb-control-label\">E-Mail <span class=\"vfb-required-asterisk\">*<\/span><\/label><div><input id=\"vfb-field-6\" class=\"vfb-form-control\" placeholder=\"\" required=\"required\" type=\"email\" name=\"vfb-field-6\" value=\"\"><\/div><\/div><\/div><div class=\"vfb-clearfix\"><\/div><div class=\"vfb-col-12 vfb-fieldType-select\" id=\"vfbField7\"><label for=\"vfb-field-7\" class=\"vfb-control-label\">Ihre Auswahl<\/label><div><div class=\"vfb-form-group\"><select id=\"vfb-field-7\" class=\"vfb-form-control\" placeholder=\"\" name=\"vfb-field-7\"><option value=\"Allgemeine Anfrage\" selected=\"selected\">Allgemeine Anfrage<\/option><option value=\"Lob und Kritik\">Lob und Kritik<\/option><\/select><\/div><\/div><\/div><div class=\"vfb-clearfix\"><\/div><div class=\"vfb-col-12 vfb-fieldType-textarea\" id=\"vfbField8\"><div class=\"vfb-form-group\"><label for=\"vfb-field-8\" class=\"vfb-control-label\">Ihre Nachricht an uns <span class=\"vfb-required-asterisk\">*<\/span><\/label><div><textarea id=\"vfb-field-8\" class=\"vfb-form-control\" placeholder=\"\" required=\"required\" rows=\"10\" name=\"vfb-field-8\" cols=\"50\"><\/textarea><\/div><\/div><\/div><div class=\"vfb-clearfix\"><\/div><div class=\"vfb-col-12 vfb-fieldType-checkbox\" id=\"vfbField9\"><label for=\"vfb-field-9\" class=\"vfb-control-label\">Datenschutzerkl\u00e4rung <span class=\"vfb-required-asterisk\">*<\/span><\/label><div><div class=\"vfb-checkbox\"><label><input id=\"vfb-field-9-0\" class=\"\" placeholder=\"\" data-vfb-multiple=\"vfb-field-9\" required=\"required\" checked=\"checked\" type=\"checkbox\" name=\"vfb-field-9[0]\" value=\"1\">ich stimme zu, dass meine Angaben aus dem Kontaktformular zur Beantwortung meiner Anfrage erhoben und verarbeitet werden. Die Daten werden nach abgeschlossener Bearbeitung Ihrer Anfrage gel\u00f6scht. Hinweis: Sie k\u00f6nnen Ihre Einwilligung jederzeit f\u00fcr die Zukunft per E-Mail an &#x68;&#97;u&#x70;&#116;&#64;&#x62;&#x6f;&#114;&#x6b;&#x75;&#109;&#46;&#x6e;&#101;t widerrufen. Detaillierte Informationen zum Umgang mit Nutzerdaten finden Sie in unserer Datenschutzerkl\u00e4rung.<\/label><\/div><\/div><\/div><div class=\"vfb-clearfix\"><\/div><div class=\"vfb-col-12 vfb-fieldType-captcha\" id=\"vfbField12\"><div class=\"vfb-form-group\"><label for=\"vfb-field-12\" class=\"vfb-control-label\">Sicherheitsabfrage <span class=\"vfb-required-asterisk\">*<\/span><\/label><div><div class=\"g-recaptcha\" data-sitekey=\"6LeqI3sbAAAAANTq3XlF1x3U2atZwrflVDr3YH5B\"><\/div><input type=\"hidden\" name=\"_vfb_recaptcha_enabled\" value=\"1\" id=\"\"><div class=\"vfb-has-error\" id=\"vfb-recaptcha-error\"><span class=\"vfb-help-block\">reCAPTCHA erforderlich.<\/span><\/div><\/div><\/div><\/div><div class=\"vfb-clearfix\"><\/div><div class=\"vfb-col-12 vfb-fieldType-submit\" id=\"vfbField4\"><button id=\"vfb-field-4\" class=\" btn btn-primary\" placeholder=\"\" type=\"submit\" name=\"_vfb-submit\">Nachricht versenden<\/button><\/div><div class=\"vfb-clearfix\"><\/div><\/div> <!-- .vfb-well --><\/form>\n","protected":false},"excerpt":{"rendered":"<p>Kontakt Nehmen Sie Kontakt zu uns auf! Wir freuen uns \u00fcber Ihre Anfragen und Anregungen. Bitte haben Sie Verst\u00e4ndnis, dass wir hier keine Reservierungen entgegennehmen k\u00f6nnen. Weitere Infos hierzu finden Sie auf unserer Startseite. Knurrhahn Inh. Familie Haupt Franz-Habich-Stra\u00dfe 16 26757 Borkum Tel. 0 49 22 \/ 20 50 E-Mail: &#104;&#97;&#x75;p&#116;&#x40;&#x62;o&#114;&#x6b;&#x75;m&#46;&#x6e;&#x65;t Kontaktformular Gerne k\u00f6nnen Sie [&hellip;]<\/p>\n","protected":false},"author":1,"featured_media":0,"parent":0,"menu_order":0,"comment_status":"open","ping_status":"open","template":"","meta":{"ngg_post_thumbnail":0},"yoast_head":"<!-- This site is optimized with the Yoast SEO plugin v15.8 - https:\/\/yoast.com\/wordpress\/plugins\/seo\/ -->\n<meta name=\"description\" content=\"Kontakt mit dem Knurrhahn auf Borkum - Inh. Familie Haupt, Franz-Habich-Stra\u00dfe 16 ,26757 Borkum, Tel. 0 49 22 \/ 20 50 - Kontaktformular: Gerne k\u00f6nnen Sie..\" \/>\n<meta name=\"robots\" content=\"index, follow, max-snippet:-1, max-image-preview:large, max-video-preview:-1\" \/>\n<link rel=\"canonical\" href=\"https:\/\/hauptsachen.de\/knurrhahn\/kontakt\/\" \/>\n<meta property=\"og:locale\" content=\"de_DE\" \/>\n<meta property=\"og:type\" content=\"article\" \/>\n<meta property=\"og:title\" content=\"Kontakt mit dem Knurrhahn auf Borkum - Knurrhahn\" \/>\n<meta property=\"og:description\" content=\"Kontakt mit dem Knurrhahn auf Borkum - Inh. Familie Haupt, Franz-Habich-Stra\u00dfe 16 ,26757 Borkum, Tel. 0 49 22 \/ 20 50 - Kontaktformular: Gerne k\u00f6nnen Sie..\" \/>\n<meta property=\"og:url\" content=\"https:\/\/hauptsachen.de\/knurrhahn\/kontakt\/\" \/>\n<meta property=\"og:site_name\" content=\"Knurrhahn\" \/>\n<meta property=\"article:modified_time\" content=\"2019-07-28T18:00:39+00:00\" \/>\n<script type=\"application\/ld+json\" class=\"yoast-schema-graph\">{\"@context\":\"https:\/\/schema.org\",\"@graph\":[{\"@type\":\"WebSite\",\"@id\":\"https:\/\/hauptsachen.de\/knurrhahn\/#website\",\"url\":\"https:\/\/hauptsachen.de\/knurrhahn\/\",\"name\":\"Knurrhahn\",\"description\":\"Edel-Imbiss auf Borkum\",\"potentialAction\":[{\"@type\":\"SearchAction\",\"target\":\"https:\/\/hauptsachen.de\/knurrhahn\/?s={search_term_string}\",\"query-input\":\"required name=search_term_string\"}],\"inLanguage\":\"de\"},{\"@type\":\"WebPage\",\"@id\":\"https:\/\/hauptsachen.de\/knurrhahn\/kontakt\/#webpage\",\"url\":\"https:\/\/hauptsachen.de\/knurrhahn\/kontakt\/\",\"name\":\"Kontakt mit dem Knurrhahn auf Borkum - Knurrhahn\",\"isPartOf\":{\"@id\":\"https:\/\/hauptsachen.de\/knurrhahn\/#website\"},\"datePublished\":\"2013-07-26T16:47:23+00:00\",\"dateModified\":\"2019-07-28T18:00:39+00:00\",\"description\":\"Kontakt mit dem Knurrhahn auf Borkum - Inh. Familie Haupt, Franz-Habich-Stra\\u00dfe 16 ,26757 Borkum, Tel. 0 49 22 \/ 20 50 - Kontaktformular: Gerne k\\u00f6nnen Sie..\",\"breadcrumb\":{\"@id\":\"https:\/\/hauptsachen.de\/knurrhahn\/kontakt\/#breadcrumb\"},\"inLanguage\":\"de\",\"potentialAction\":[{\"@type\":\"ReadAction\",\"target\":[\"https:\/\/hauptsachen.de\/knurrhahn\/kontakt\/\"]}]},{\"@type\":\"BreadcrumbList\",\"@id\":\"https:\/\/hauptsachen.de\/knurrhahn\/kontakt\/#breadcrumb\",\"itemListElement\":[{\"@type\":\"ListItem\",\"position\":1,\"item\":{\"@type\":\"WebPage\",\"@id\":\"https:\/\/hauptsachen.de\/knurrhahn\/kontakt\/\",\"url\":\"https:\/\/hauptsachen.de\/knurrhahn\/kontakt\/\",\"name\":\"Kontakt mit dem Knurrhahn auf Borkum\"}}]}]}<\/script>\n<!-- \/ Yoast SEO plugin. -->","_links":{"self":[{"href":"https:\/\/hauptsachen.de\/knurrhahn\/wp-json\/wp\/v2\/pages\/16"}],"collection":[{"href":"https:\/\/hauptsachen.de\/knurrhahn\/wp-json\/wp\/v2\/pages"}],"about":[{"href":"https:\/\/hauptsachen.de\/knurrhahn\/wp-json\/wp\/v2\/types\/page"}],"author":[{"embeddable":true,"href":"https:\/\/hauptsachen.de\/knurrhahn\/wp-json\/wp\/v2\/users\/1"}],"replies":[{"embeddable":true,"href":"https:\/\/hauptsachen.de\/knurrhahn\/wp-json\/wp\/v2\/comments?post=16"}],"version-history":[{"count":10,"href":"https:\/\/hauptsachen.de\/knurrhahn\/wp-json\/wp\/v2\/pages\/16\/revisions"}],"predecessor-version":[{"id":152,"href":"https:\/\/hauptsachen.de\/knurrhahn\/wp-json\/wp\/v2\/pages\/16\/revisions\/152"}],"wp:attachment":[{"href":"https:\/\/hauptsachen.de\/knurrhahn\/wp-json\/wp\/v2\/media?parent=16"}],"curies":[{"name":"wp","href":"https:\/\/api.w.org\/{rel}","templated":true}]}}