{"id":14,"date":"2013-07-26T18:47:14","date_gmt":"2013-07-26T16:47:14","guid":{"rendered":"http:\/\/hauptsachen.de\/knurrhahn\/?page_id=14"},"modified":"2023-07-10T15:17:13","modified_gmt":"2023-07-10T14:17:13","slug":"speisen","status":"publish","type":"page","link":"https:\/\/hauptsachen.de\/knurrhahn\/speisen\/","title":{"rendered":"Speisen im Imbiss Knurrhahn auf Borkum"},"content":{"rendered":"<h2>Speisen<\/h2>\n<p>Hausgemachte Fischfrikadellen, Fischpfannen, Fischfilets aber auch knackige Salate, Bratkartoffeln, Nudelgerichte, verschiedene Suppen und selbstverst\u00e4ndlich ausgew\u00e4hlte Weine \u2013 die leckeren Speisen im Knurrhahn lassen jedem Gast das Wasser im Mund zusammenlaufen.<\/p>\n<p>Ob Krabben, Lachs, Bismarckhering, Matjesfilet oder ein k\u00f6stlicher Fischsalat \u2013 wenn Sie diese frische Auswahl gesehen haben, wollen Sie schnellstens Ihren ausgew\u00e4hlten Fisch zubereiten lassen. Auch wer keine Zeit hat, sich niederzulassen, muss auf den k\u00f6stlichen Fisch aus dem Knurrhahn nicht verzichten, denn alle Gerichte gibt es nat\u00fcrlich auch au\u00dfer Haus.<\/p>\n<p>Auch an diejenigen, die keinen Fisch m\u00f6gen, und an die Kinder haben wir nat\u00fcrlich gedacht! So finden Sie auf der <a href=\"https:\/\/hauptsachen.de\/knurrhahn\/wp-content\/uploads\/2023\/07\/Knurrhahn_Speisekarte_01-2023web.pdf\" target=\"_blank\" rel=\"noopener\">Speisekarte<\/a> neben Pasta und Salaten auch leckere Kindergerichte.<\/p>\n<!-- index.php -->\n<div\n\tclass=\"ngg-galleryoverview ngg-ajax-pagination-none\"\n\tid=\"ngg-gallery-05ee9ad8f7e66e9160f520c388d4f10d-1\">\n\n    \t\t<!-- Thumbnails -->\n\t\t\t\t<div id=\"ngg-image-0\" class=\"ngg-gallery-thumbnail-box\" >\n\t\t\t\t        <div class=\"ngg-gallery-thumbnail\">\n            <a href=\"https:\/\/hauptsachen.de\/knurrhahn\/wp-content\/gallery\/speisen\/knurrhahn-speisen.jpg\"\n               title=\"\"\n               data-src=\"https:\/\/hauptsachen.de\/knurrhahn\/wp-content\/gallery\/speisen\/knurrhahn-speisen.jpg\"\n               data-thumbnail=\"https:\/\/hauptsachen.de\/knurrhahn\/wp-content\/gallery\/speisen\/thumbs\/thumbs_knurrhahn-speisen.jpg\"\n               data-image-id=\"23\"\n               data-title=\"knurrhahn-speisen\"\n               data-description=\"\"\n               data-image-slug=\"knurrhahn-speisen\"\n               class=\"ngg-fancybox\" rel=\"05ee9ad8f7e66e9160f520c388d4f10d\">\n                <img\n                    title=\"knurrhahn-speisen\"\n                    alt=\"knurrhahn-speisen\"\n                    src=\"https:\/\/hauptsachen.de\/knurrhahn\/wp-content\/gallery\/speisen\/cache\/knurrhahn-speisen.jpg-nggid0223-ngg0dyn-240x160x100-00f0w010c010r110f110r010t010.jpg\"\n                    width=\"213\"\n                    height=\"160\"\n                    style=\"max-width:100%;\"\n                \/>\n            <\/a>\n        <\/div>\n\t\t\t\t\t\t\t<\/div> \n\t\t\t\n                            \n\t\t\t\t<div id=\"ngg-image-1\" class=\"ngg-gallery-thumbnail-box\" >\n\t\t\t\t        <div class=\"ngg-gallery-thumbnail\">\n            <a href=\"https:\/\/hauptsachen.de\/knurrhahn\/wp-content\/gallery\/speisen\/knurrhahn-speisen_01.jpg\"\n               title=\"\"\n               data-src=\"https:\/\/hauptsachen.de\/knurrhahn\/wp-content\/gallery\/speisen\/knurrhahn-speisen_01.jpg\"\n               data-thumbnail=\"https:\/\/hauptsachen.de\/knurrhahn\/wp-content\/gallery\/speisen\/thumbs\/thumbs_knurrhahn-speisen_01.jpg\"\n               data-image-id=\"24\"\n               data-title=\"knurrhahn-speisen_01\"\n               data-description=\"\"\n               data-image-slug=\"knurrhahn-speisen_01\"\n               class=\"ngg-fancybox\" rel=\"05ee9ad8f7e66e9160f520c388d4f10d\">\n                <img\n                    title=\"knurrhahn-speisen_01\"\n                    alt=\"knurrhahn-speisen_01\"\n                    src=\"https:\/\/hauptsachen.de\/knurrhahn\/wp-content\/gallery\/speisen\/cache\/knurrhahn-speisen_01.jpg-nggid0224-ngg0dyn-240x160x100-00f0w010c010r110f110r010t010.jpg\"\n                    width=\"214\"\n                    height=\"160\"\n                    style=\"max-width:100%;\"\n                \/>\n            <\/a>\n        <\/div>\n\t\t\t\t\t\t\t<\/div> \n\t\t\t\n                            \n\t\t\t\t<div id=\"ngg-image-2\" class=\"ngg-gallery-thumbnail-box\" >\n\t\t\t\t        <div class=\"ngg-gallery-thumbnail\">\n            <a href=\"https:\/\/hauptsachen.de\/knurrhahn\/wp-content\/gallery\/speisen\/knurrhahn-speisen_02.jpg\"\n               title=\"\"\n               data-src=\"https:\/\/hauptsachen.de\/knurrhahn\/wp-content\/gallery\/speisen\/knurrhahn-speisen_02.jpg\"\n               data-thumbnail=\"https:\/\/hauptsachen.de\/knurrhahn\/wp-content\/gallery\/speisen\/thumbs\/thumbs_knurrhahn-speisen_02.jpg\"\n               data-image-id=\"25\"\n               data-title=\"knurrhahn-speisen_02\"\n               data-description=\"\"\n               data-image-slug=\"knurrhahn-speisen_02\"\n               class=\"ngg-fancybox\" rel=\"05ee9ad8f7e66e9160f520c388d4f10d\">\n                <img\n                    title=\"knurrhahn-speisen_02\"\n                    alt=\"knurrhahn-speisen_02\"\n                    src=\"https:\/\/hauptsachen.de\/knurrhahn\/wp-content\/gallery\/speisen\/cache\/knurrhahn-speisen_02.jpg-nggid0225-ngg0dyn-240x160x100-00f0w010c010r110f110r010t010.jpg\"\n                    width=\"213\"\n                    height=\"160\"\n                    style=\"max-width:100%;\"\n                \/>\n            <\/a>\n        <\/div>\n\t\t\t\t\t\t\t<\/div> \n\t\t\t\n                                    <br style=\"clear: both\" \/>\n                    \n\t\t\t\t<div id=\"ngg-image-3\" class=\"ngg-gallery-thumbnail-box\" >\n\t\t\t\t        <div class=\"ngg-gallery-thumbnail\">\n            <a href=\"https:\/\/hauptsachen.de\/knurrhahn\/wp-content\/gallery\/speisen\/knurrhahn-speisen_03.jpg\"\n               title=\"\"\n               data-src=\"https:\/\/hauptsachen.de\/knurrhahn\/wp-content\/gallery\/speisen\/knurrhahn-speisen_03.jpg\"\n               data-thumbnail=\"https:\/\/hauptsachen.de\/knurrhahn\/wp-content\/gallery\/speisen\/thumbs\/thumbs_knurrhahn-speisen_03.jpg\"\n               data-image-id=\"26\"\n               data-title=\"knurrhahn-speisen_03\"\n               data-description=\"\"\n               data-image-slug=\"knurrhahn-speisen_03\"\n               class=\"ngg-fancybox\" rel=\"05ee9ad8f7e66e9160f520c388d4f10d\">\n                <img\n                    title=\"knurrhahn-speisen_03\"\n                    alt=\"knurrhahn-speisen_03\"\n                    src=\"https:\/\/hauptsachen.de\/knurrhahn\/wp-content\/gallery\/speisen\/cache\/knurrhahn-speisen_03.jpg-nggid0226-ngg0dyn-240x160x100-00f0w010c010r110f110r010t010.jpg\"\n                    width=\"213\"\n                    height=\"160\"\n                    style=\"max-width:100%;\"\n                \/>\n            <\/a>\n        <\/div>\n\t\t\t\t\t\t\t<\/div> \n\t\t\t\n                            \n\t\t\t\t<div id=\"ngg-image-4\" class=\"ngg-gallery-thumbnail-box\" >\n\t\t\t\t        <div class=\"ngg-gallery-thumbnail\">\n            <a href=\"https:\/\/hauptsachen.de\/knurrhahn\/wp-content\/gallery\/speisen\/knurrhahn-speisen_04.jpg\"\n               title=\"\"\n               data-src=\"https:\/\/hauptsachen.de\/knurrhahn\/wp-content\/gallery\/speisen\/knurrhahn-speisen_04.jpg\"\n               data-thumbnail=\"https:\/\/hauptsachen.de\/knurrhahn\/wp-content\/gallery\/speisen\/thumbs\/thumbs_knurrhahn-speisen_04.jpg\"\n               data-image-id=\"27\"\n               data-title=\"knurrhahn-speisen_04\"\n               data-description=\"\"\n               data-image-slug=\"knurrhahn-speisen_04\"\n               class=\"ngg-fancybox\" rel=\"05ee9ad8f7e66e9160f520c388d4f10d\">\n                <img\n                    title=\"knurrhahn-speisen_04\"\n                    alt=\"knurrhahn-speisen_04\"\n                    src=\"https:\/\/hauptsachen.de\/knurrhahn\/wp-content\/gallery\/speisen\/cache\/knurrhahn-speisen_04.jpg-nggid0227-ngg0dyn-240x160x100-00f0w010c010r110f110r010t010.jpg\"\n                    width=\"213\"\n                    height=\"160\"\n                    style=\"max-width:100%;\"\n                \/>\n            <\/a>\n        <\/div>\n\t\t\t\t\t\t\t<\/div> \n\t\t\t\n                            \n\t\t\t\t<div id=\"ngg-image-5\" class=\"ngg-gallery-thumbnail-box\" >\n\t\t\t\t        <div class=\"ngg-gallery-thumbnail\">\n            <a href=\"https:\/\/hauptsachen.de\/knurrhahn\/wp-content\/gallery\/speisen\/knurrhahn-speisen_05.jpg\"\n               title=\"\"\n               data-src=\"https:\/\/hauptsachen.de\/knurrhahn\/wp-content\/gallery\/speisen\/knurrhahn-speisen_05.jpg\"\n               data-thumbnail=\"https:\/\/hauptsachen.de\/knurrhahn\/wp-content\/gallery\/speisen\/thumbs\/thumbs_knurrhahn-speisen_05.jpg\"\n               data-image-id=\"28\"\n               data-title=\"knurrhahn-speisen_05\"\n               data-description=\"\"\n               data-image-slug=\"knurrhahn-speisen_05\"\n               class=\"ngg-fancybox\" rel=\"05ee9ad8f7e66e9160f520c388d4f10d\">\n                <img\n                    title=\"knurrhahn-speisen_05\"\n                    alt=\"knurrhahn-speisen_05\"\n                    src=\"https:\/\/hauptsachen.de\/knurrhahn\/wp-content\/gallery\/speisen\/cache\/knurrhahn-speisen_05.jpg-nggid0228-ngg0dyn-240x160x100-00f0w010c010r110f110r010t010.jpg\"\n                    width=\"213\"\n                    height=\"160\"\n                    style=\"max-width:100%;\"\n                \/>\n            <\/a>\n        <\/div>\n\t\t\t\t\t\t\t<\/div> \n\t\t\t\n                                    <br style=\"clear: both\" \/>\n                    \n\t\t\n\t\t<!-- Pagination -->\n\t<div class='ngg-clear'><\/div>\t<\/div>\n\n","protected":false},"excerpt":{"rendered":"<p>Speisen Hausgemachte Fischfrikadellen, Fischpfannen, Fischfilets aber auch knackige Salate, Bratkartoffeln, Nudelgerichte, verschiedene Suppen und selbstverst\u00e4ndlich ausgew\u00e4hlte Weine \u2013 die leckeren Speisen im Knurrhahn lassen jedem Gast das Wasser im Mund zusammenlaufen. Ob Krabben, Lachs, Bismarckhering, Matjesfilet oder ein k\u00f6stlicher Fischsalat \u2013 wenn Sie diese frische Auswahl gesehen haben, wollen Sie schnellstens Ihren ausgew\u00e4hlten Fisch zubereiten [&hellip;]<\/p>\n","protected":false},"author":1,"featured_media":0,"parent":0,"menu_order":0,"comment_status":"open","ping_status":"open","template":"","meta":{"ngg_post_thumbnail":0},"yoast_head":"<!-- This site is optimized with the Yoast SEO plugin v15.8 - https:\/\/yoast.com\/wordpress\/plugins\/seo\/ -->\n<meta name=\"description\" content=\"Speisen im Imbiss Knurrhahn auf Borkum - Hausgemachte Fischfrikadellen, Fischpfannen, Fischfilets aber auch knackige Salate, Bratkartoffeln, Nudelgerichte..\" \/>\n<meta name=\"robots\" content=\"index, follow, max-snippet:-1, max-image-preview:large, max-video-preview:-1\" \/>\n<link rel=\"canonical\" href=\"https:\/\/hauptsachen.de\/knurrhahn\/speisen\/\" \/>\n<meta property=\"og:locale\" content=\"de_DE\" \/>\n<meta property=\"og:type\" content=\"article\" \/>\n<meta property=\"og:title\" content=\"Speisen im Imbiss Knurrhahn auf Borkum - Knurrhahn\" \/>\n<meta property=\"og:description\" content=\"Speisen im Imbiss Knurrhahn auf Borkum - Hausgemachte Fischfrikadellen, Fischpfannen, Fischfilets aber auch knackige Salate, Bratkartoffeln, Nudelgerichte..\" \/>\n<meta property=\"og:url\" content=\"https:\/\/hauptsachen.de\/knurrhahn\/speisen\/\" \/>\n<meta property=\"og:site_name\" content=\"Knurrhahn\" \/>\n<meta property=\"article:modified_time\" content=\"2023-07-10T14:17:13+00:00\" \/>\n<meta name=\"twitter:label1\" content=\"Gesch\u00e4tzte Lesezeit\">\n\t<meta name=\"twitter:data1\" content=\"1\u00a0Minute\">\n<script type=\"application\/ld+json\" class=\"yoast-schema-graph\">{\"@context\":\"https:\/\/schema.org\",\"@graph\":[{\"@type\":\"WebSite\",\"@id\":\"https:\/\/hauptsachen.de\/knurrhahn\/#website\",\"url\":\"https:\/\/hauptsachen.de\/knurrhahn\/\",\"name\":\"Knurrhahn\",\"description\":\"Edel-Imbiss auf Borkum\",\"potentialAction\":[{\"@type\":\"SearchAction\",\"target\":\"https:\/\/hauptsachen.de\/knurrhahn\/?s={search_term_string}\",\"query-input\":\"required name=search_term_string\"}],\"inLanguage\":\"de\"},{\"@type\":\"WebPage\",\"@id\":\"https:\/\/hauptsachen.de\/knurrhahn\/speisen\/#webpage\",\"url\":\"https:\/\/hauptsachen.de\/knurrhahn\/speisen\/\",\"name\":\"Speisen im Imbiss Knurrhahn auf Borkum - Knurrhahn\",\"isPartOf\":{\"@id\":\"https:\/\/hauptsachen.de\/knurrhahn\/#website\"},\"datePublished\":\"2013-07-26T16:47:14+00:00\",\"dateModified\":\"2023-07-10T14:17:13+00:00\",\"description\":\"Speisen im Imbiss Knurrhahn auf Borkum - Hausgemachte Fischfrikadellen, Fischpfannen, Fischfilets aber auch knackige Salate, Bratkartoffeln, Nudelgerichte..\",\"breadcrumb\":{\"@id\":\"https:\/\/hauptsachen.de\/knurrhahn\/speisen\/#breadcrumb\"},\"inLanguage\":\"de\",\"potentialAction\":[{\"@type\":\"ReadAction\",\"target\":[\"https:\/\/hauptsachen.de\/knurrhahn\/speisen\/\"]}]},{\"@type\":\"BreadcrumbList\",\"@id\":\"https:\/\/hauptsachen.de\/knurrhahn\/speisen\/#breadcrumb\",\"itemListElement\":[{\"@type\":\"ListItem\",\"position\":1,\"item\":{\"@type\":\"WebPage\",\"@id\":\"https:\/\/hauptsachen.de\/knurrhahn\/speisen\/\",\"url\":\"https:\/\/hauptsachen.de\/knurrhahn\/speisen\/\",\"name\":\"Speisen im Imbiss Knurrhahn auf Borkum\"}}]}]}<\/script>\n<!-- \/ Yoast SEO plugin. -->","_links":{"self":[{"href":"https:\/\/hauptsachen.de\/knurrhahn\/wp-json\/wp\/v2\/pages\/14"}],"collection":[{"href":"https:\/\/hauptsachen.de\/knurrhahn\/wp-json\/wp\/v2\/pages"}],"about":[{"href":"https:\/\/hauptsachen.de\/knurrhahn\/wp-json\/wp\/v2\/types\/page"}],"author":[{"embeddable":true,"href":"https:\/\/hauptsachen.de\/knurrhahn\/wp-json\/wp\/v2\/users\/1"}],"replies":[{"embeddable":true,"href":"https:\/\/hauptsachen.de\/knurrhahn\/wp-json\/wp\/v2\/comments?post=14"}],"version-history":[{"count":21,"href":"https:\/\/hauptsachen.de\/knurrhahn\/wp-json\/wp\/v2\/pages\/14\/revisions"}],"predecessor-version":[{"id":294,"href":"https:\/\/hauptsachen.de\/knurrhahn\/wp-json\/wp\/v2\/pages\/14\/revisions\/294"}],"wp:attachment":[{"href":"https:\/\/hauptsachen.de\/knurrhahn\/wp-json\/wp\/v2\/media?parent=14"}],"curies":[{"name":"wp","href":"https:\/\/api.w.org\/{rel}","templated":true}]}}