{"id":10,"date":"2013-07-26T18:46:51","date_gmt":"2013-07-26T16:46:51","guid":{"rendered":"http:\/\/hauptsachen.de\/knurrhahn\/?page_id=10"},"modified":"2023-03-07T12:55:11","modified_gmt":"2023-03-07T11:55:11","slug":"imbiss","status":"publish","type":"page","link":"https:\/\/hauptsachen.de\/knurrhahn\/imbiss\/","title":{"rendered":"Imbiss Knurrhan &#8211; Edel-Imbiss mit Stammgastpotenzial"},"content":{"rendered":"<h2>Edel-Imbiss mit Stammgastpotenzial<\/h2>\n<p>Der 1996 er\u00f6ffnete Imbiss Knurrhahn hat sich bereits seit Jahren einen Platz unter den beliebtesten Borkumer Gastronomiebetrieben gesichert. Unsere G\u00e4ste haben das gem\u00fctliche kleine Lokal schnell in ihr Herz geschlossen und kommen immer gerne wieder. Viele Stammg\u00e4ste sprechen im positiven Sinne sogar schon von \u201eSuchtpotenzial\u201c.<\/p>\n<p>Im Edel-Imbiss in der Franz-Habich-Stra\u00dfe ist garantierte Frische angesagt. Hier kann der Gast zuschauen und genau beobachten, wie der Fisch zubereitet wird. <\/p>\n<p><a href=\"https:\/\/hauptsachen.de\/knurrhahn\/wp-content\/uploads\/2023\/03\/Knurrhahn-Speisekarte-2023-web.pdf\" target=\"_blank\" id=\"speisekartebtn\" rel=\"noopener\">Speisekarte ansehen<\/a><\/p>\n","protected":false},"excerpt":{"rendered":"<p>Edel-Imbiss mit Stammgastpotenzial Der 1996 er\u00f6ffnete Imbiss Knurrhahn hat sich bereits seit Jahren einen Platz unter den beliebtesten Borkumer Gastronomiebetrieben gesichert. Unsere G\u00e4ste haben das gem\u00fctliche kleine Lokal schnell in ihr Herz geschlossen und kommen immer gerne wieder. Viele Stammg\u00e4ste sprechen im positiven Sinne sogar schon von \u201eSuchtpotenzial\u201c. Im Edel-Imbiss in der Franz-Habich-Stra\u00dfe ist garantierte [&hellip;]<\/p>\n","protected":false},"author":1,"featured_media":0,"parent":0,"menu_order":0,"comment_status":"open","ping_status":"open","template":"","meta":{"ngg_post_thumbnail":0},"yoast_head":"<!-- This site is optimized with the Yoast SEO plugin v15.8 - https:\/\/yoast.com\/wordpress\/plugins\/seo\/ -->\n<meta name=\"description\" content=\"Knurrhahn auf Borkum - Edel-Imbiss mit Stammgastpotenzial - Der 1996 er\u00f6ffnete Knurrhahn hat sich bereits seit Jahren einen Platz unter den ...\" \/>\n<meta name=\"robots\" content=\"index, follow, max-snippet:-1, max-image-preview:large, max-video-preview:-1\" \/>\n<link rel=\"canonical\" href=\"https:\/\/hauptsachen.de\/knurrhahn\/imbiss\/\" \/>\n<meta property=\"og:locale\" content=\"de_DE\" \/>\n<meta property=\"og:type\" content=\"article\" \/>\n<meta property=\"og:title\" content=\"Imbiss Knurrhan - Edel-Imbiss mit Stammgastpotenzial - Knurrhahn\" \/>\n<meta property=\"og:description\" content=\"Knurrhahn auf Borkum - Edel-Imbiss mit Stammgastpotenzial - Der 1996 er\u00f6ffnete Knurrhahn hat sich bereits seit Jahren einen Platz unter den ...\" \/>\n<meta property=\"og:url\" content=\"https:\/\/hauptsachen.de\/knurrhahn\/imbiss\/\" \/>\n<meta property=\"og:site_name\" content=\"Knurrhahn\" \/>\n<meta property=\"article:modified_time\" content=\"2023-03-07T11:55:11+00:00\" \/>\n<script type=\"application\/ld+json\" class=\"yoast-schema-graph\">{\"@context\":\"https:\/\/schema.org\",\"@graph\":[{\"@type\":\"WebSite\",\"@id\":\"https:\/\/hauptsachen.de\/knurrhahn\/#website\",\"url\":\"https:\/\/hauptsachen.de\/knurrhahn\/\",\"name\":\"Knurrhahn\",\"description\":\"Edel-Imbiss auf Borkum\",\"potentialAction\":[{\"@type\":\"SearchAction\",\"target\":\"https:\/\/hauptsachen.de\/knurrhahn\/?s={search_term_string}\",\"query-input\":\"required name=search_term_string\"}],\"inLanguage\":\"de\"},{\"@type\":\"WebPage\",\"@id\":\"https:\/\/hauptsachen.de\/knurrhahn\/imbiss\/#webpage\",\"url\":\"https:\/\/hauptsachen.de\/knurrhahn\/imbiss\/\",\"name\":\"Imbiss Knurrhan - Edel-Imbiss mit Stammgastpotenzial - Knurrhahn\",\"isPartOf\":{\"@id\":\"https:\/\/hauptsachen.de\/knurrhahn\/#website\"},\"datePublished\":\"2013-07-26T16:46:51+00:00\",\"dateModified\":\"2023-03-07T11:55:11+00:00\",\"description\":\"Knurrhahn auf Borkum - Edel-Imbiss mit Stammgastpotenzial - Der 1996 er\\u00f6ffnete Knurrhahn hat sich bereits seit Jahren einen Platz unter den ...\",\"breadcrumb\":{\"@id\":\"https:\/\/hauptsachen.de\/knurrhahn\/imbiss\/#breadcrumb\"},\"inLanguage\":\"de\",\"potentialAction\":[{\"@type\":\"ReadAction\",\"target\":[\"https:\/\/hauptsachen.de\/knurrhahn\/imbiss\/\"]}]},{\"@type\":\"BreadcrumbList\",\"@id\":\"https:\/\/hauptsachen.de\/knurrhahn\/imbiss\/#breadcrumb\",\"itemListElement\":[{\"@type\":\"ListItem\",\"position\":1,\"item\":{\"@type\":\"WebPage\",\"@id\":\"https:\/\/hauptsachen.de\/knurrhahn\/imbiss\/\",\"url\":\"https:\/\/hauptsachen.de\/knurrhahn\/imbiss\/\",\"name\":\"Imbiss Knurrhan &#8211; Edel-Imbiss mit Stammgastpotenzial\"}}]}]}<\/script>\n<!-- \/ Yoast SEO plugin. -->","_links":{"self":[{"href":"https:\/\/hauptsachen.de\/knurrhahn\/wp-json\/wp\/v2\/pages\/10"}],"collection":[{"href":"https:\/\/hauptsachen.de\/knurrhahn\/wp-json\/wp\/v2\/pages"}],"about":[{"href":"https:\/\/hauptsachen.de\/knurrhahn\/wp-json\/wp\/v2\/types\/page"}],"author":[{"embeddable":true,"href":"https:\/\/hauptsachen.de\/knurrhahn\/wp-json\/wp\/v2\/users\/1"}],"replies":[{"embeddable":true,"href":"https:\/\/hauptsachen.de\/knurrhahn\/wp-json\/wp\/v2\/comments?post=10"}],"version-history":[{"count":13,"href":"https:\/\/hauptsachen.de\/knurrhahn\/wp-json\/wp\/v2\/pages\/10\/revisions"}],"predecessor-version":[{"id":280,"href":"https:\/\/hauptsachen.de\/knurrhahn\/wp-json\/wp\/v2\/pages\/10\/revisions\/280"}],"wp:attachment":[{"href":"https:\/\/hauptsachen.de\/knurrhahn\/wp-json\/wp\/v2\/media?parent=10"}],"curies":[{"name":"wp","href":"https:\/\/api.w.org\/{rel}","templated":true}]}}