{"id":7,"date":"2013-03-25T14:36:03","date_gmt":"2013-03-25T12:36:03","guid":{"rendered":"http:\/\/hauptsachen.de\/cms\/?page_id=7"},"modified":"2023-07-25T19:31:30","modified_gmt":"2023-07-25T17:31:30","slug":"der-hof","status":"publish","type":"page","link":"https:\/\/hauptsachen.de\/bauernstuben\/","title":{"rendered":"Das Hof-Restaurant"},"content":{"rendered":"<p>Seit 1981 betreibt die Familie Haupt in einem alten Bauernhof aus dem 18. Jahrhundert einen Gastronomiebetrieb, der sich zu einem der beliebtesten Ausflugsziele auf der Insel entwickelt hat. Seit 2021 hat der langj\u00e4hrige Mitarbeiter Alin Lazar das Hofcaf\u00e9 \u00fcbernommen und betreut Sie weiterhin mit gewohnter Freundlichkeit und exzellentem Service in den Bauernstuben.<\/p>\n<p>Ob \u00fcber Deich, Strand, Fahrrad- oder Wanderwege \u2013 ob zu Fu\u00df, mit der Kutsche, dem Zweirad oder Bus: Der Weg hierhin lohnt sich allemal und auch das Ziel ist mehr als lohnenswert: Denn nach einem einmaligen Ausflug findet der Gast mit der traditionellen K\u00fcche sowie dem breiten Angebot an Kaffee- und Kuchenspezialit\u00e4ten die wohlverdiente kulinarische Verw\u00f6hnung.<\/p>\n<p>So erwarten Sie regionale Spezialit\u00e4ten, klassische Hausmannskost, kleine Leckereien, hausgemachte Torten, leckere Waffeln, Dickmilch und Eisbecher sowie original ostfriesische Tee- Spezialit\u00e4ten.<br \/>\n<strong>Schauen Sie doch einmal rein! Alin Lazar und sein Team freuen sich schon heute auf Ihren Besuch und halten Ihnen einen Platz im historischen Bauernhof oder auf der beliebtesten Terrasse Borkums frei!<\/strong><\/p>\n<hr \/>\n<h3>Liebe G\u00e4ste wir haben t\u00e4glich von 10-21 Uhr ge\u00f6ffnet. Warme K\u00fcche bis 20 Uhr<\/h3>\n<div class=\"video speisekarteStart\">\n<p><a href=\"\/bauernstuben\/wp-content\/uploads\/2022\/04\/Speisekarte-Bauernstuben-2022-st2.pdf\" target=\"blank\" rel=\"noopener noreferrer\">&#8211;&gt; Speisekarte Bauernstuben 2022<\/a><\/p>\n<p><a href=\"\/bauernstuben\/wp-content\/uploads\/2022\/04\/Getra\u0308nkekarte-Bauernstuben-2022-st3-Screen.pdf\" target=\"blank\" rel=\"noopener noreferrer\">&#8211;&gt; Getr\u00e4nkekarte Bauernstuben 2022<\/a><\/p>\n<p><a href=\"\/bauernstuben\/wp-content\/uploads\/2022\/04\/Bauernstuben-Eiskarte-A4-2022-sd2.pdf\" target=\"blank\" rel=\"noopener noreferrer\">&#8211;&gt; Eiskarte Bauernstuben 2022<\/a><\/p>\n<p><a href=\"\/bauernstuben\/wp-content\/uploads\/2022\/04\/Speisekarte-Bauernstuben-2022-NL-st2.pdf\" target=\"blank\" rel=\"noopener noreferrer\">&#8211;&gt; Speisekarte Bauernstuben 2022 (NL-Version)<\/a><\/p>\n<p><a href=\"\/bauernstuben\/wp-content\/uploads\/2022\/04\/Abendkarte-Bauernstuben-2022-st2.pdf\" target=\"blank\" rel=\"noopener noreferrer\">&#8211;&gt; Abendkarte 2022<\/a>\n<\/div>\n","protected":false},"excerpt":{"rendered":"<p>Seit 1981 betreibt die Familie Haupt in einem alten Bauernhof aus dem 18. Jahrhundert einen Gastronomiebetrieb, der sich zu einem der beliebtesten Ausflugsziele auf der Insel entwickelt hat. Seit 2021 hat der langj\u00e4hrige Mitarbeiter Alin Lazar das Hofcaf\u00e9 \u00fcbernommen und betreut Sie weiterhin mit gewohnter Freundlichkeit und exzellentem Service in den Bauernstuben. Ob \u00fcber Deich, [&hellip;]<\/p>\n","protected":false},"author":2,"featured_media":0,"parent":0,"menu_order":1,"comment_status":"open","ping_status":"open","template":"","meta":[],"_links":{"self":[{"href":"https:\/\/hauptsachen.de\/bauernstuben\/wp-json\/wp\/v2\/pages\/7"}],"collection":[{"href":"https:\/\/hauptsachen.de\/bauernstuben\/wp-json\/wp\/v2\/pages"}],"about":[{"href":"https:\/\/hauptsachen.de\/bauernstuben\/wp-json\/wp\/v2\/types\/page"}],"author":[{"embeddable":true,"href":"https:\/\/hauptsachen.de\/bauernstuben\/wp-json\/wp\/v2\/users\/2"}],"replies":[{"embeddable":true,"href":"https:\/\/hauptsachen.de\/bauernstuben\/wp-json\/wp\/v2\/comments?post=7"}],"version-history":[{"count":48,"href":"https:\/\/hauptsachen.de\/bauernstuben\/wp-json\/wp\/v2\/pages\/7\/revisions"}],"predecessor-version":[{"id":388,"href":"https:\/\/hauptsachen.de\/bauernstuben\/wp-json\/wp\/v2\/pages\/7\/revisions\/388"}],"wp:attachment":[{"href":"https:\/\/hauptsachen.de\/bauernstuben\/wp-json\/wp\/v2\/media?parent=7"}],"curies":[{"name":"wp","href":"https:\/\/api.w.org\/{rel}","templated":true}]}}