{"id":37,"date":"2013-03-25T17:33:03","date_gmt":"2013-03-25T15:33:03","guid":{"rendered":"http:\/\/hauptsachen.de\/cms\/?page_id=37"},"modified":"2013-06-18T16:17:17","modified_gmt":"2013-06-18T14:17:17","slug":"lage","status":"publish","type":"page","link":"https:\/\/hauptsachen.de\/bauernstuben\/lage\/","title":{"rendered":"Lage"},"content":{"rendered":"<p><strong><iframe width=\"315\" height=\"208\" style=\"float:right;\" frameborder=\"0\" scrolling=\"no\" marginheight=\"0\" marginwidth=\"0\" src=\"https:\/\/maps.google.de\/maps?f=q&amp;source=s_q&amp;hl=de&amp;geocode=&amp;q=bauernstuben+borkum&amp;aq=&amp;sll=52.455173,9.355459&amp;sspn=0.005348,0.016469&amp;ie=UTF8&amp;hq=bauernstuben&amp;hnear=Borkum,+Niedersachsen&amp;ll=53.60393,6.72454&amp;spn=0.040574,0.11442&amp;t=m&amp;output=embed\"><\/iframe><\/p>\n<p><small><a href=\"https:\/\/maps.google.de\/maps?q=Hofcaf%C3%A9+%26+Restaurant+Bauernstuben+Ostland+3+26757+Borkum&amp;hl=de&amp;ie=UTF8&amp;sll=50.180742,11.687914&amp;sspn=0.010869,0.033023&amp;hq=Hofcaf%C3%A9+%26+Restaurant+Bauernstuben&amp;radius=15000&amp;t=m&amp;hnear=&amp;ll=53.603914,6.724491&amp;spn=0.005036,0.016512&amp;source=embed\" style=\"color:#0000FF;text-align:left\">Gr\u00f6\u00dfere Kartenansicht<\/a><\/small><\/p>\n<p>und unweit des Naturschutzgebietes Nationalpark Wattenmeer gelegen, finden Sie das einladende Hofcaf\u00e9-Restaurant Bauernstuben.<\/strong><\/p>\n<p>Von hier aus bietet sich Ihnen eine einmalige Sicht auf die wundersch\u00f6ne Natur- und D\u00fcnenlandschaften. Bis ins 19. Jahrhundert war die Insel noch durch einen Priel in ein Westland und Ostland getrennt. W\u00e4hrend im Westland der Ort Borkum entstand und sich dort immer mehr Menschen ansiedelten, konzentrierte man sich im Ostland ausschlie\u00dflich auf Ackerbau und Wiesenwirtschaft.<\/p>\n<p>Heutzutage kann man das Ostland dank D\u00fcnen- und Deichbauma\u00dfnahmen leicht erreichen, die scheinbar unber\u00fchrte Natur zeugt jedoch immer noch von dem haupts\u00e4chlichen Nutzen dieses Inselteils.<\/p>\n","protected":false},"excerpt":{"rendered":"<p>Gr\u00f6\u00dfere Kartenansicht und unweit des Naturschutzgebietes Nationalpark Wattenmeer gelegen, finden Sie das einladende Hofcaf\u00e9-Restaurant Bauernstuben. Von hier aus bietet sich Ihnen eine einmalige Sicht auf die wundersch\u00f6ne Natur- und D\u00fcnenlandschaften. Bis ins 19. Jahrhundert war die Insel noch durch einen Priel in ein Westland und Ostland getrennt. W\u00e4hrend im Westland der Ort Borkum entstand und [&hellip;]<\/p>\n","protected":false},"author":2,"featured_media":0,"parent":0,"menu_order":4,"comment_status":"open","ping_status":"open","template":"lage.php","meta":[],"_links":{"self":[{"href":"https:\/\/hauptsachen.de\/bauernstuben\/wp-json\/wp\/v2\/pages\/37"}],"collection":[{"href":"https:\/\/hauptsachen.de\/bauernstuben\/wp-json\/wp\/v2\/pages"}],"about":[{"href":"https:\/\/hauptsachen.de\/bauernstuben\/wp-json\/wp\/v2\/types\/page"}],"author":[{"embeddable":true,"href":"https:\/\/hauptsachen.de\/bauernstuben\/wp-json\/wp\/v2\/users\/2"}],"replies":[{"embeddable":true,"href":"https:\/\/hauptsachen.de\/bauernstuben\/wp-json\/wp\/v2\/comments?post=37"}],"version-history":[{"count":10,"href":"https:\/\/hauptsachen.de\/bauernstuben\/wp-json\/wp\/v2\/pages\/37\/revisions"}],"predecessor-version":[{"id":225,"href":"https:\/\/hauptsachen.de\/bauernstuben\/wp-json\/wp\/v2\/pages\/37\/revisions\/225"}],"wp:attachment":[{"href":"https:\/\/hauptsachen.de\/bauernstuben\/wp-json\/wp\/v2\/media?parent=37"}],"curies":[{"name":"wp","href":"https:\/\/api.w.org\/{rel}","templated":true}]}}