{"id":10,"date":"2013-03-25T14:36:43","date_gmt":"2013-03-25T12:36:43","guid":{"rendered":"http:\/\/hauptsachen.de\/cms\/?page_id=10"},"modified":"2021-05-13T07:45:13","modified_gmt":"2021-05-13T05:45:13","slug":"kontakt","status":"publish","type":"page","link":"https:\/\/hauptsachen.de\/bauernstuben\/kontakt\/","title":{"rendered":"Kontakt"},"content":{"rendered":"<div class=\"left-kontakt\" style=\"float: left;\">\n<p><iframe src=\"https:\/\/maps.google.de\/maps?f=q&amp;source=s_q&amp;hl=de&amp;geocode=&amp;q=bauernstuben+borkum&amp;aq=&amp;sll=52.455173,9.355459&amp;sspn=0.005348,0.016469&amp;ie=UTF8&amp;hq=bauernstuben&amp;hnear=Borkum,+Niedersachsen&amp;ll=53.60393,6.72454&amp;spn=0.040574,0.11442&amp;t=m&amp;output=embed\" width=\"400\" height=\"280\" frameborder=\"0\" marginwidth=\"0\" marginheight=\"0\" scrolling=\"no\"><\/iframe><\/p>\n<p><small><a style=\"color: #0000ff; text-align: left;\" href=\"https:\/\/maps.google.de\/maps?q=Hofcaf%C3%A9+%26+Restaurant+Bauernstuben+Ostland+3+26757+Borkum&amp;hl=de&amp;ie=UTF8&amp;sll=50.180742,11.687914&amp;sspn=0.010869,0.033023&amp;hq=Hofcaf%C3%A9+%26+Restaurant+Bauernstuben&amp;radius=15000&amp;t=m&amp;hnear=&amp;ll=53.603914,6.724491&amp;spn=0.005036,0.016512&amp;source=embed\">Gr\u00f6\u00dfere Kartenansicht<\/a><\/small><\/p>\n<p><strong>Hofcaf\u00e9 &amp; Restaurant Bauernstuben <\/strong><br \/>\nOstland 3<br \/>\n26757 Borkum<br \/>\nTelefon: 0 49 22 &#8211; 35 04<br \/>\nFax: 0 49 22 &#8211; 99 07 88<\/p>\n<p><a href=\"mailto:info@bauernstuben-borkum.com \">info@bauernstuben-borkum.com<\/a><\/p>\n<\/div>\n\n","protected":false},"excerpt":{"rendered":"<p>Gr\u00f6\u00dfere Kartenansicht Hofcaf\u00e9 &amp; Restaurant Bauernstuben Ostland 3 26757 Borkum Telefon: 0 49 22 &#8211; 35 04 Fax: 0 49 22 &#8211; 99 07 88 info@bauernstuben-borkum.com<\/p>\n","protected":false},"author":2,"featured_media":0,"parent":0,"menu_order":3,"comment_status":"open","ping_status":"open","template":"kontakt.php","meta":[],"_links":{"self":[{"href":"https:\/\/hauptsachen.de\/bauernstuben\/wp-json\/wp\/v2\/pages\/10"}],"collection":[{"href":"https:\/\/hauptsachen.de\/bauernstuben\/wp-json\/wp\/v2\/pages"}],"about":[{"href":"https:\/\/hauptsachen.de\/bauernstuben\/wp-json\/wp\/v2\/types\/page"}],"author":[{"embeddable":true,"href":"https:\/\/hauptsachen.de\/bauernstuben\/wp-json\/wp\/v2\/users\/2"}],"replies":[{"embeddable":true,"href":"https:\/\/hauptsachen.de\/bauernstuben\/wp-json\/wp\/v2\/comments?post=10"}],"version-history":[{"count":50,"href":"https:\/\/hauptsachen.de\/bauernstuben\/wp-json\/wp\/v2\/pages\/10\/revisions"}],"predecessor-version":[{"id":372,"href":"https:\/\/hauptsachen.de\/bauernstuben\/wp-json\/wp\/v2\/pages\/10\/revisions\/372"}],"wp:attachment":[{"href":"https:\/\/hauptsachen.de\/bauernstuben\/wp-json\/wp\/v2\/media?parent=10"}],"curies":[{"name":"wp","href":"https:\/\/api.w.org\/{rel}","templated":true}]}}